{"id":4903,"date":"2024-06-13T13:36:48","date_gmt":"2024-06-13T11:36:48","guid":{"rendered":"https:\/\/frogspace.de\/wordpress\/?page_id=4903"},"modified":"2024-08-06T10:28:55","modified_gmt":"2024-08-06T08:28:55","slug":"langzeitbaustelle","status":"publish","type":"page","link":"https:\/\/frogspace.de\/wordpress\/","title":{"rendered":"Langzeitbaustelle"},"content":{"rendered":"\n<h2 class=\"wp-block-heading has-text-align-center\" style=\"font-style:normal;font-weight:300\">Langzeitbaustelle<\/h2>\n\n\n\n<p class=\"has-text-align-center\" style=\"font-style:normal;font-weight:300\">Wir bauen um, mal wieder. Dieses Mal allerdings nicht den Frosch, sondern unsere Website.<br>Im ersten Schritt wird wieder Ordnung in das Chaos gebracht. Die Struktur der Seite hat vor unserer Abreise doch arg gelitten und soll neu gegliedert werden, damit Ihr leichter f\u00fcndig werdet.<\/p>\n\n\n\n<p class=\"has-text-align-center\" style=\"font-style:normal;font-weight:300\">Also werden so nach und nach die Beitr\u00e4ge sortiert, \u00fcberarbeitet und Rubrik f\u00fcr Rubrik wieder eingestellt.<br><br>Irgendwann, in ferner Zukunft, soll hier auch mehr zu unserer Trans-Europa-Reise zu finden sein.<\/p>\n\n\n\n<p class=\"has-text-align-center\" style=\"font-style:normal;font-weight:300\">Das Kontaktformular bleibt jedoch erhalten. Also, wenn Ihr uns kontaktieren m\u00f6chtet, <br>freuen wir uns auch weiterhin \u00fcber Eure Post. <\/p>\n\n\n\n<p>P.S.: In diesem Kontext, NEIN, wir ben\u00f6tigen keine Hilfe beim SEO, wir wollen gar nicht unbedingt von jedem gefunden werden. Anfragen, die in dem Zusammenhang \u00fcber das Kontaktformular kommen, landen gleich im Papierkorb.<\/p>\n\n\n\n<p class=\"has-text-align-center\" style=\"font-style:normal;font-weight:300\">Liebe Gr\u00fc\u00dfe Janett, Chili &amp; Rasta<\/p>\n\n\n\n<figure class=\"wp-block-image size-large is-style-default\"><a href=\"https:\/\/frogspace.de\/wordpress\/wp-content\/uploads\/2024\/06\/IMG_3221.webp\"><img fetchpriority=\"high\" decoding=\"async\" width=\"1024\" height=\"768\" src=\"https:\/\/frogspace.de\/wordpress\/wp-content\/uploads\/2024\/06\/IMG_3221-1024x768.webp\" alt=\"\" class=\"wp-image-4904\" srcset=\"https:\/\/frogspace.de\/wordpress\/wp-content\/uploads\/2024\/06\/IMG_3221-1024x768.webp 1024w, https:\/\/frogspace.de\/wordpress\/wp-content\/uploads\/2024\/06\/IMG_3221-300x225.webp 300w, https:\/\/frogspace.de\/wordpress\/wp-content\/uploads\/2024\/06\/IMG_3221-768x576.webp 768w, https:\/\/frogspace.de\/wordpress\/wp-content\/uploads\/2024\/06\/IMG_3221-1536x1152.webp 1536w, https:\/\/frogspace.de\/wordpress\/wp-content\/uploads\/2024\/06\/IMG_3221.webp 1920w\" sizes=\"(max-width: 1024px) 100vw, 1024px\" \/><\/a><\/figure>\n\n\n\n<p class=\"has-text-align-center\" style=\"font-style:normal;font-weight:300\"><em>Januar 2023 in \u2068Dra\u0302a-Tafilalet\u2069, \u2068Marokko\u2069<\/em><\/p>\n","protected":false},"excerpt":{"rendered":"<p>Langzeitbaustelle Wir bauen um, mal wieder. Dieses Mal allerdings nicht den Frosch, sondern unsere Website.Im ersten Schritt wird wieder Ordnung in das Chaos gebracht. Die Struktur der Seite hat vor unserer Abreise doch arg gelitten und soll neu gegliedert werden, damit Ihr leichter f\u00fcndig werdet. Also werden so nach und nach die Beitr\u00e4ge sortiert, \u00fcberarbeitet [&hellip;]<\/p>\n","protected":false},"author":2,"featured_media":0,"parent":0,"menu_order":0,"comment_status":"closed","ping_status":"closed","template":"","meta":{"postBodyCss":"","postBodyMargin":[],"postBodyPadding":[],"postBodyBackground":{"backgroundType":"classic","gradient":""},"ocean_post_layout":"","ocean_both_sidebars_style":"","ocean_both_sidebars_content_width":0,"ocean_both_sidebars_sidebars_width":0,"ocean_sidebar":"","ocean_second_sidebar":"","ocean_disable_margins":"enable","ocean_add_body_class":"","ocean_shortcode_before_top_bar":"","ocean_shortcode_after_top_bar":"","ocean_shortcode_before_header":"","ocean_shortcode_after_header":"","ocean_has_shortcode":"","ocean_shortcode_after_title":"","ocean_shortcode_before_footer_widgets":"","ocean_shortcode_after_footer_widgets":"","ocean_shortcode_before_footer_bottom":"","ocean_shortcode_after_footer_bottom":"","ocean_display_top_bar":"default","ocean_display_header":"default","ocean_header_style":"","ocean_center_header_left_menu":"","ocean_custom_header_template":"","ocean_custom_logo":0,"ocean_custom_retina_logo":0,"ocean_custom_logo_max_width":0,"ocean_custom_logo_tablet_max_width":0,"ocean_custom_logo_mobile_max_width":0,"ocean_custom_logo_max_height":0,"ocean_custom_logo_tablet_max_height":0,"ocean_custom_logo_mobile_max_height":0,"ocean_header_custom_menu":"","ocean_menu_typo_font_family":"","ocean_menu_typo_font_subset":"","ocean_menu_typo_font_size":0,"ocean_menu_typo_font_size_tablet":0,"ocean_menu_typo_font_size_mobile":0,"ocean_menu_typo_font_size_unit":"px","ocean_menu_typo_font_weight":"","ocean_menu_typo_font_weight_tablet":"","ocean_menu_typo_font_weight_mobile":"","ocean_menu_typo_transform":"","ocean_menu_typo_transform_tablet":"","ocean_menu_typo_transform_mobile":"","ocean_menu_typo_line_height":0,"ocean_menu_typo_line_height_tablet":0,"ocean_menu_typo_line_height_mobile":0,"ocean_menu_typo_line_height_unit":"","ocean_menu_typo_spacing":0,"ocean_menu_typo_spacing_tablet":0,"ocean_menu_typo_spacing_mobile":0,"ocean_menu_typo_spacing_unit":"","ocean_menu_link_color":"","ocean_menu_link_color_hover":"","ocean_menu_link_color_active":"","ocean_menu_link_background":"","ocean_menu_link_hover_background":"","ocean_menu_link_active_background":"","ocean_menu_social_links_bg":"","ocean_menu_social_hover_links_bg":"","ocean_menu_social_links_color":"","ocean_menu_social_hover_links_color":"","ocean_disable_title":"default","ocean_disable_heading":"default","ocean_post_title":"","ocean_post_subheading":"","ocean_post_title_style":"","ocean_post_title_background_color":"","ocean_post_title_background":0,"ocean_post_title_bg_image_position":"","ocean_post_title_bg_image_attachment":"","ocean_post_title_bg_image_repeat":"","ocean_post_title_bg_image_size":"","ocean_post_title_height":0,"ocean_post_title_bg_overlay":0.5,"ocean_post_title_bg_overlay_color":"","ocean_disable_breadcrumbs":"default","ocean_breadcrumbs_color":"","ocean_breadcrumbs_separator_color":"","ocean_breadcrumbs_links_color":"","ocean_breadcrumbs_links_hover_color":"","ocean_display_footer_widgets":"default","ocean_display_footer_bottom":"default","ocean_custom_footer_template":"","footnotes":""},"class_list":["post-4903","page","type-page","status-publish","hentry","entry"],"_links":{"self":[{"href":"https:\/\/frogspace.de\/wordpress\/wp-json\/wp\/v2\/pages\/4903","targetHints":{"allow":["GET"]}}],"collection":[{"href":"https:\/\/frogspace.de\/wordpress\/wp-json\/wp\/v2\/pages"}],"about":[{"href":"https:\/\/frogspace.de\/wordpress\/wp-json\/wp\/v2\/types\/page"}],"author":[{"embeddable":true,"href":"https:\/\/frogspace.de\/wordpress\/wp-json\/wp\/v2\/users\/2"}],"replies":[{"embeddable":true,"href":"https:\/\/frogspace.de\/wordpress\/wp-json\/wp\/v2\/comments?post=4903"}],"version-history":[{"count":9,"href":"https:\/\/frogspace.de\/wordpress\/wp-json\/wp\/v2\/pages\/4903\/revisions"}],"predecessor-version":[{"id":5544,"href":"https:\/\/frogspace.de\/wordpress\/wp-json\/wp\/v2\/pages\/4903\/revisions\/5544"}],"wp:attachment":[{"href":"https:\/\/frogspace.de\/wordpress\/wp-json\/wp\/v2\/media?parent=4903"}],"curies":[{"name":"wp","href":"https:\/\/api.w.org\/{rel}","templated":true}]}}